{"id":66,"date":"2022-08-10T19:29:52","date_gmt":"2022-08-10T19:29:52","guid":{"rendered":"https:\/\/cloudn.com.br\/augelliadv\/?page_id=66"},"modified":"2022-08-10T19:35:22","modified_gmt":"2022-08-10T19:35:22","slug":"o-escritorio","status":"publish","type":"page","link":"https:\/\/cloudn.com.br\/augelliadv\/o-escritorio\/","title":{"rendered":"O Escrit\u00f3rio"},"content":{"rendered":"\t\t<div data-elementor-type=\"wp-page\" data-elementor-id=\"66\" class=\"elementor elementor-66\">\n\t\t\t\t\t\t\t\t\t<section class=\"elementor-section elementor-top-section elementor-element elementor-element-59d0188 elementor-section-boxed elementor-section-height-default elementor-section-height-default\" data-id=\"59d0188\" data-element_type=\"section\" data-settings=\"{&quot;background_background&quot;:&quot;classic&quot;}\">\n\t\t\t\t\t\t<div class=\"elementor-container elementor-column-gap-default\">\n\t\t\t\t\t<div class=\"elementor-column elementor-col-100 elementor-top-column elementor-element elementor-element-26e76ce\" data-id=\"26e76ce\" data-element_type=\"column\">\n\t\t\t<div class=\"elementor-widget-wrap elementor-element-populated\">\n\t\t\t\t\t\t\t\t<div class=\"elementor-element elementor-element-f2f828f elementor-widget elementor-widget-heading\" data-id=\"f2f828f\" data-element_type=\"widget\" data-widget_type=\"heading.default\">\n\t\t\t\t<div class=\"elementor-widget-container\">\n\t\t\t<style>\/*! elementor - v3.7.7 - 20-09-2022 *\/\n.elementor-heading-title{padding:0;margin:0;line-height:1}.elementor-widget-heading .elementor-heading-title[class*=elementor-size-]>a{color:inherit;font-size:inherit;line-height:inherit}.elementor-widget-heading .elementor-heading-title.elementor-size-small{font-size:15px}.elementor-widget-heading .elementor-heading-title.elementor-size-medium{font-size:19px}.elementor-widget-heading .elementor-heading-title.elementor-size-large{font-size:29px}.elementor-widget-heading .elementor-heading-title.elementor-size-xl{font-size:39px}.elementor-widget-heading .elementor-heading-title.elementor-size-xxl{font-size:59px}<\/style><h3 class=\"elementor-heading-title elementor-size-default\">O Escrit\u00f3rio<\/h3>\t\t<\/div>\n\t\t\t\t<\/div>\n\t\t\t\t\t<\/div>\n\t\t<\/div>\n\t\t\t\t\t\t\t<\/div>\n\t\t<\/section>\n\t\t\t\t<section class=\"elementor-section elementor-top-section elementor-element elementor-element-eee3882 elementor-section-boxed elementor-section-height-default elementor-section-height-default\" data-id=\"eee3882\" data-element_type=\"section\">\n\t\t\t\t\t\t<div class=\"elementor-container elementor-column-gap-default\">\n\t\t\t\t\t<div class=\"elementor-column elementor-col-100 elementor-top-column elementor-element elementor-element-4ade850\" data-id=\"4ade850\" data-element_type=\"column\">\n\t\t\t<div class=\"elementor-widget-wrap elementor-element-populated\">\n\t\t\t\t\t\t\t\t<div class=\"elementor-element elementor-element-2e06e79 elementor-widget elementor-widget-text-editor\" data-id=\"2e06e79\" data-element_type=\"widget\" data-widget_type=\"text-editor.default\">\n\t\t\t\t<div class=\"elementor-widget-container\">\n\t\t\t<style>\/*! elementor - v3.7.7 - 20-09-2022 *\/\n.elementor-widget-text-editor.elementor-drop-cap-view-stacked .elementor-drop-cap{background-color:#818a91;color:#fff}.elementor-widget-text-editor.elementor-drop-cap-view-framed .elementor-drop-cap{color:#818a91;border:3px solid;background-color:transparent}.elementor-widget-text-editor:not(.elementor-drop-cap-view-default) .elementor-drop-cap{margin-top:8px}.elementor-widget-text-editor:not(.elementor-drop-cap-view-default) .elementor-drop-cap-letter{width:1em;height:1em}.elementor-widget-text-editor .elementor-drop-cap{float:left;text-align:center;line-height:1;font-size:50px}.elementor-widget-text-editor .elementor-drop-cap-letter{display:inline-block}<\/style>\t\t\t\t<p>Fundado em 2011, <strong>Augelli Advogados<\/strong> possui a sua sede na cidade de S\u00e3o Paulo, com atua\u00e7\u00e3o focada nas diversas \u00e1reas do direito empresarial, tanto na \u00e1rea consultiva como na litigiosa, proporcionando servi\u00e7os de excel\u00eancia t\u00e9cnica com solu\u00e7\u00f5es eficazes, objetivas e criativas para os mais complexos e variados assuntos.<\/p><p>Desde a sua funda\u00e7\u00e3o, <strong>Augelli Advogados<\/strong> passou por diversas mudan\u00e7as, tendo crescido e aumentado o seu escopo de atua\u00e7\u00e3o, trazendo novos clientes e parceiros, mas sempre mantendo a sua caracter\u00edstica principal, o comprometimento com os resultados.<\/p><p>O escrit\u00f3rio \u00e9 integrado por equipe altamente qualificada, com s\u00f3lida forma\u00e7\u00e3o acad\u00eamica e vasta experi\u00eancia na presta\u00e7\u00e3o de servi\u00e7os jur\u00eddicos. O s\u00f3cio, <strong>Bruno Augelli<\/strong>, teve a oportunidade de praticar a advocacia em escrit\u00f3rios de grande porte de S\u00e3o Paulo e departamentos jur\u00eddicos de empresas multinacionais, com experi\u00eancias internacionais.<\/p><p><strong>Augelli Advogados<\/strong> est\u00e1 equipado com os mais modernos recursos tecnol\u00f3gicos dispon\u00edveis no mercado, de modo a propiciar o melhor resultado poss\u00edvel aos seus clientes. O escrit\u00f3rio possui relacionamento com correspondentes em todo o territ\u00f3rio brasileiro e encontra-se plenamente capacitado para atender, em ingl\u00eas, a demandas internacionais.<\/p>\t\t\t\t\t\t<\/div>\n\t\t\t\t<\/div>\n\t\t\t\t\t<\/div>\n\t\t<\/div>\n\t\t\t\t\t\t\t<\/div>\n\t\t<\/section>\n\t\t\t\t\t\t\t<\/div>\n\t\t","protected":false},"excerpt":{"rendered":"<p>O Escrit\u00f3rio Fundado em 2011, Augelli Advogados possui a sua sede na cidade de S\u00e3o Paulo, com atua\u00e7\u00e3o focada nas diversas \u00e1reas do direito empresarial, tanto na \u00e1rea consultiva como na litigiosa, proporcionando servi\u00e7os de excel\u00eancia t\u00e9cnica com solu\u00e7\u00f5es eficazes, objetivas e criativas para os mais complexos e variados assuntos. Desde a sua funda\u00e7\u00e3o, Augelli [&hellip;]<\/p>\n","protected":false},"author":1,"featured_media":0,"parent":0,"menu_order":0,"comment_status":"closed","ping_status":"closed","template":"elementor_header_footer","meta":{"footnotes":""},"class_list":["post-66","page","type-page","status-publish","hentry"],"_links":{"self":[{"href":"https:\/\/cloudn.com.br\/augelliadv\/wp-json\/wp\/v2\/pages\/66","targetHints":{"allow":["GET"]}}],"collection":[{"href":"https:\/\/cloudn.com.br\/augelliadv\/wp-json\/wp\/v2\/pages"}],"about":[{"href":"https:\/\/cloudn.com.br\/augelliadv\/wp-json\/wp\/v2\/types\/page"}],"author":[{"embeddable":true,"href":"https:\/\/cloudn.com.br\/augelliadv\/wp-json\/wp\/v2\/users\/1"}],"replies":[{"embeddable":true,"href":"https:\/\/cloudn.com.br\/augelliadv\/wp-json\/wp\/v2\/comments?post=66"}],"version-history":[{"count":10,"href":"https:\/\/cloudn.com.br\/augelliadv\/wp-json\/wp\/v2\/pages\/66\/revisions"}],"predecessor-version":[{"id":77,"href":"https:\/\/cloudn.com.br\/augelliadv\/wp-json\/wp\/v2\/pages\/66\/revisions\/77"}],"wp:attachment":[{"href":"https:\/\/cloudn.com.br\/augelliadv\/wp-json\/wp\/v2\/media?parent=66"}],"curies":[{"name":"wp","href":"https:\/\/api.w.org\/{rel}","templated":true}]}}