{"id":88,"date":"2022-08-10T19:42:54","date_gmt":"2022-08-10T19:42:54","guid":{"rendered":"https:\/\/cloudn.com.br\/augelliadv\/?page_id=88"},"modified":"2022-08-25T19:46:25","modified_gmt":"2022-08-25T19:46:25","slug":"areas-de-atuacao","status":"publish","type":"page","link":"https:\/\/cloudn.com.br\/augelliadv\/areas-de-atuacao\/","title":{"rendered":"\u00c1reas de Atua\u00e7\u00e3o"},"content":{"rendered":"\t\t<div data-elementor-type=\"wp-page\" data-elementor-id=\"88\" class=\"elementor elementor-88\">\n\t\t\t\t\t\t\t\t\t<section class=\"elementor-section elementor-top-section elementor-element elementor-element-59d0188 elementor-section-boxed elementor-section-height-default elementor-section-height-default\" data-id=\"59d0188\" data-element_type=\"section\" data-settings=\"{&quot;background_background&quot;:&quot;classic&quot;}\">\n\t\t\t\t\t\t<div class=\"elementor-container elementor-column-gap-default\">\n\t\t\t\t\t<div class=\"elementor-column elementor-col-100 elementor-top-column elementor-element elementor-element-26e76ce\" data-id=\"26e76ce\" data-element_type=\"column\">\n\t\t\t<div class=\"elementor-widget-wrap elementor-element-populated\">\n\t\t\t\t\t\t\t\t<div class=\"elementor-element elementor-element-f2f828f elementor-widget elementor-widget-heading\" data-id=\"f2f828f\" data-element_type=\"widget\" data-widget_type=\"heading.default\">\n\t\t\t\t<div class=\"elementor-widget-container\">\n\t\t\t<style>\/*! elementor - v3.7.7 - 20-09-2022 *\/\n.elementor-heading-title{padding:0;margin:0;line-height:1}.elementor-widget-heading .elementor-heading-title[class*=elementor-size-]>a{color:inherit;font-size:inherit;line-height:inherit}.elementor-widget-heading .elementor-heading-title.elementor-size-small{font-size:15px}.elementor-widget-heading .elementor-heading-title.elementor-size-medium{font-size:19px}.elementor-widget-heading .elementor-heading-title.elementor-size-large{font-size:29px}.elementor-widget-heading .elementor-heading-title.elementor-size-xl{font-size:39px}.elementor-widget-heading .elementor-heading-title.elementor-size-xxl{font-size:59px}<\/style><h3 class=\"elementor-heading-title elementor-size-default\">\u00c1reas de atua\u00e7\u00e3o<\/h3>\t\t<\/div>\n\t\t\t\t<\/div>\n\t\t\t\t\t<\/div>\n\t\t<\/div>\n\t\t\t\t\t\t\t<\/div>\n\t\t<\/section>\n\t\t\t\t<section class=\"elementor-section elementor-top-section elementor-element elementor-element-eee3882 elementor-section-boxed elementor-section-height-default elementor-section-height-default\" data-id=\"eee3882\" data-element_type=\"section\">\n\t\t\t\t\t\t<div class=\"elementor-container elementor-column-gap-default\">\n\t\t\t\t\t<div class=\"elementor-column elementor-col-100 elementor-top-column elementor-element elementor-element-4ade850\" data-id=\"4ade850\" data-element_type=\"column\">\n\t\t\t<div class=\"elementor-widget-wrap elementor-element-populated\">\n\t\t\t\t\t\t\t\t<div class=\"elementor-element elementor-element-ed898a0 elementor-widget elementor-widget-toggle\" data-id=\"ed898a0\" data-element_type=\"widget\" data-widget_type=\"toggle.default\">\n\t\t\t\t<div class=\"elementor-widget-container\">\n\t\t\t<style>\/*! elementor - v3.7.7 - 20-09-2022 *\/\n.elementor-toggle{text-align:left}.elementor-toggle .elementor-tab-title{font-weight:700;line-height:1;margin:0;padding:15px;border-bottom:1px solid #d4d4d4;cursor:pointer;outline:none}.elementor-toggle .elementor-tab-title .elementor-toggle-icon{display:inline-block;width:1em}.elementor-toggle .elementor-tab-title .elementor-toggle-icon svg{-webkit-margin-start:-5px;margin-inline-start:-5px;width:1em;height:1em}.elementor-toggle .elementor-tab-title .elementor-toggle-icon.elementor-toggle-icon-right{float:right;text-align:right}.elementor-toggle .elementor-tab-title .elementor-toggle-icon.elementor-toggle-icon-left{float:left;text-align:left}.elementor-toggle .elementor-tab-title .elementor-toggle-icon .elementor-toggle-icon-closed{display:block}.elementor-toggle .elementor-tab-title .elementor-toggle-icon .elementor-toggle-icon-opened{display:none}.elementor-toggle .elementor-tab-title.elementor-active{border-bottom:none}.elementor-toggle .elementor-tab-title.elementor-active .elementor-toggle-icon-closed{display:none}.elementor-toggle .elementor-tab-title.elementor-active .elementor-toggle-icon-opened{display:block}.elementor-toggle .elementor-tab-content{padding:15px;border-bottom:1px solid #d4d4d4;display:none}@media (max-width:767px){.elementor-toggle .elementor-tab-title{padding:12px}.elementor-toggle .elementor-tab-content{padding:12px 10px}}.e-container>.elementor-widget-toggle{width:var(--container-widget-width,100%)}<\/style>\t\t<div class=\"elementor-toggle\" role=\"tablist\">\n\t\t\t\t\t\t\t<div class=\"elementor-toggle-item\">\n\t\t\t\t\t<div id=\"elementor-tab-title-2491\" class=\"elementor-tab-title\" data-tab=\"1\" role=\"tab\" aria-controls=\"elementor-tab-content-2491\" aria-expanded=\"false\">\n\t\t\t\t\t\t\t\t\t\t\t\t<span class=\"elementor-toggle-icon elementor-toggle-icon-left\" aria-hidden=\"true\">\n\t\t\t\t\t\t\t\t\t\t\t\t\t\t\t<span class=\"elementor-toggle-icon-closed\"><i class=\"fas fa-caret-right\"><\/i><\/span>\n\t\t\t\t\t\t\t\t<span class=\"elementor-toggle-icon-opened\"><i class=\"elementor-toggle-icon-opened fas fa-caret-up\"><\/i><\/span>\n\t\t\t\t\t\t\t\t\t\t\t\t\t<\/span>\n\t\t\t\t\t\t\t\t\t\t\t\t<a href=\"\" class=\"elementor-toggle-title\">COMPLIANCE<\/a>\n\t\t\t\t\t<\/div>\n\n\t\t\t\t\t<div id=\"elementor-tab-content-2491\" class=\"elementor-tab-content elementor-clearfix\" data-tab=\"1\" role=\"tabpanel\" aria-labelledby=\"elementor-tab-title-2491\"><p>Investiga\u00e7\u00f5es Internas e An\u00e1lise de Risco (Risk Assessment)<\/p><p>Investiga\u00e7\u00f5es internas iniciadas devido a alega\u00e7\u00f5es de irregularidades levantadas pelas autoridades, acionistas, artigos de jornal, fornecedores, auditorias internas ou auditorias de conformidade e pelos empregados, direta ou anonimamente por meio de canal de den\u00fancias. Apoiamos os nossos clientes para abordar adequadamente as alega\u00e7\u00f5es de forma confidencial, incluindo a implementa\u00e7\u00e3o de medidas de reten\u00e7\u00e3o de documentos e delimita\u00e7\u00e3o do \u00e2mbito da investiga\u00e7\u00e3o, tendo em conta potenciais autoden\u00fancias futuras vis a vis as autoridades.<\/p><ul><li>Planejamento e implementa\u00e7\u00e3o de investiga\u00e7\u00f5es: estrutura\u00e7\u00e3o do processo de investiga\u00e7\u00e3o, procedimento de reten\u00e7\u00e3o de documentos, delimita\u00e7\u00e3o do \u00e2mbito da investiga\u00e7\u00e3o e a\u00e7\u00f5es de mitiga\u00e7\u00e3o;<\/li><li>Revis\u00f5es de documentos, tendo em conta as leis trabalhistas e de privacidade e entrevistas com testemunhas;<\/li><li>Aconselhamento em a\u00e7\u00f5es de mitiga\u00e7\u00e3o e corretivas bem como para autoden\u00fancias ou acordos de leni\u00eancia; e<\/li><li>Risk Assessments para projetos e neg\u00f3cios, associa\u00e7\u00f5es, conselhos de administra\u00e7\u00e3o, diretorias e empresas.<\/li><\/ul><ul><li>Apoio consultivo para o cumprimento dos temas de recursos humanos com impacto na cultura \u00e9tica da Companhia. Alega\u00e7\u00f5es de discrimina\u00e7\u00e3o de trabalho devido \u00e0 falta de diversidade, o favoritismo, o ass\u00e9dio moral e ass\u00e9dio sexual podem acabar em lit\u00edgios graves se n\u00e3o forem devidamente abordados no devido.<\/li><li>Mapeamento de risco de conformidade e investiga\u00e7\u00f5es.<\/li><li>Tratamento respeitoso e workshops para forma\u00e7\u00e3o de diversidade.<\/li><li>Revis\u00e3o e implementa\u00e7\u00e3o de pol\u00edticas e procedimentos<\/li><li>Avalia\u00e7\u00e3o de Riscos de Terceiros (Due Diligence)<\/li><\/ul><p>Processo de auditoria para fornecedores, distribuidores e agentes considerados de alto risco, de modo a assegurar uma gest\u00e3o adequada dos riscos associados \u00e0 utiliza\u00e7\u00e3o de tais intermedi\u00e1rios na cadeia de valor da empresa. Este servi\u00e7o tem como objetivo oferecer a previs\u00e3o e garantia razo\u00e1veis para que nossos clientes ingressem e mantenham rela\u00e7\u00f5es comerciais com Terceiros que estejam em conformidade com as leis nacionais e internacionais antissuborno e anticorrup\u00e7\u00e3o. Os servi\u00e7os incluem a elabora\u00e7\u00e3o e\/ou tradu\u00e7\u00e3o de pol\u00edticas e procedimentos internos, treinamentos para o pessoal e terceiros em todos os grupos hier\u00e1rquicos, de n\u00edvel C a funcion\u00e1rios operacionais. A avalia\u00e7\u00e3o de Risco \u00e9 idealmente peri\u00f3dica e orientada a eventos, mas revistas regularmente e normalmente estruturada em quatro etapas:<\/p><ul><li>Identifica\u00e7\u00e3o e Classifica\u00e7\u00e3o (do Terceiro)<\/li><li>Desk Research<\/li><li>Triagem completa<\/li><li>Avalia\u00e7\u00e3o e decis\u00e3o (assinatura do contrato)<\/li><\/ul><\/div>\n\t\t\t\t<\/div>\n\t\t\t\t\t\t\t<div class=\"elementor-toggle-item\">\n\t\t\t\t\t<div id=\"elementor-tab-title-2492\" class=\"elementor-tab-title\" data-tab=\"2\" role=\"tab\" aria-controls=\"elementor-tab-content-2492\" aria-expanded=\"false\">\n\t\t\t\t\t\t\t\t\t\t\t\t<span class=\"elementor-toggle-icon elementor-toggle-icon-left\" aria-hidden=\"true\">\n\t\t\t\t\t\t\t\t\t\t\t\t\t\t\t<span class=\"elementor-toggle-icon-closed\"><i class=\"fas fa-caret-right\"><\/i><\/span>\n\t\t\t\t\t\t\t\t<span class=\"elementor-toggle-icon-opened\"><i class=\"elementor-toggle-icon-opened fas fa-caret-up\"><\/i><\/span>\n\t\t\t\t\t\t\t\t\t\t\t\t\t<\/span>\n\t\t\t\t\t\t\t\t\t\t\t\t<a href=\"\" class=\"elementor-toggle-title\">CONTENCIOSO C\u00cdVEL<\/a>\n\t\t\t\t\t<\/div>\n\n\t\t\t\t\t<div id=\"elementor-tab-content-2492\" class=\"elementor-tab-content elementor-clearfix\" data-tab=\"2\" role=\"tabpanel\" aria-labelledby=\"elementor-tab-title-2492\">Atuamos perante todas as cortes judiciais e ju\u00edzos arbitrais brasileiros na defesa de interesses relacionados com as \u00e1reas do Direito Civil, Comercial, Banc\u00e1rio, Fam\u00edlia e Sucess\u00f5es, Societ\u00e1rio, Ambiental, Consumidor, Imobili\u00e1rio, Propriedade Intelectual etc. Nossos clientes tamb\u00e9m contam com atua\u00e7\u00e3o extrajudicial e elabora\u00e7\u00e3o de opini\u00f5es legais sobre mat\u00e9rias relacionadas ao Direito Civil e Comercial.\n\n<\/div>\n\t\t\t\t<\/div>\n\t\t\t\t\t\t\t<div class=\"elementor-toggle-item\">\n\t\t\t\t\t<div id=\"elementor-tab-title-2493\" class=\"elementor-tab-title\" data-tab=\"3\" role=\"tab\" aria-controls=\"elementor-tab-content-2493\" aria-expanded=\"false\">\n\t\t\t\t\t\t\t\t\t\t\t\t<span class=\"elementor-toggle-icon elementor-toggle-icon-left\" aria-hidden=\"true\">\n\t\t\t\t\t\t\t\t\t\t\t\t\t\t\t<span class=\"elementor-toggle-icon-closed\"><i class=\"fas fa-caret-right\"><\/i><\/span>\n\t\t\t\t\t\t\t\t<span class=\"elementor-toggle-icon-opened\"><i class=\"elementor-toggle-icon-opened fas fa-caret-up\"><\/i><\/span>\n\t\t\t\t\t\t\t\t\t\t\t\t\t<\/span>\n\t\t\t\t\t\t\t\t\t\t\t\t<a href=\"\" class=\"elementor-toggle-title\">CONTRATOS<\/a>\n\t\t\t\t\t<\/div>\n\n\t\t\t\t\t<div id=\"elementor-tab-content-2493\" class=\"elementor-tab-content elementor-clearfix\" data-tab=\"3\" role=\"tabpanel\" aria-labelledby=\"elementor-tab-title-2493\"><p>Trabalhamos com a elabora\u00e7\u00e3o, revis\u00e3o e negocia\u00e7\u00e3o de contratos de qualquer natureza, sejam nacionais ou internacionais, com acompanhamento diferencial na administra\u00e7\u00e3o de contratos. Tamb\u00e9m prestamos consultoria preventiva em mat\u00e9rias com potencial lit\u00edgio, para minimizar e eliminar riscos.<\/p><\/div>\n\t\t\t\t<\/div>\n\t\t\t\t\t\t\t<div class=\"elementor-toggle-item\">\n\t\t\t\t\t<div id=\"elementor-tab-title-2494\" class=\"elementor-tab-title\" data-tab=\"4\" role=\"tab\" aria-controls=\"elementor-tab-content-2494\" aria-expanded=\"false\">\n\t\t\t\t\t\t\t\t\t\t\t\t<span class=\"elementor-toggle-icon elementor-toggle-icon-left\" aria-hidden=\"true\">\n\t\t\t\t\t\t\t\t\t\t\t\t\t\t\t<span class=\"elementor-toggle-icon-closed\"><i class=\"fas fa-caret-right\"><\/i><\/span>\n\t\t\t\t\t\t\t\t<span class=\"elementor-toggle-icon-opened\"><i class=\"elementor-toggle-icon-opened fas fa-caret-up\"><\/i><\/span>\n\t\t\t\t\t\t\t\t\t\t\t\t\t<\/span>\n\t\t\t\t\t\t\t\t\t\t\t\t<a href=\"\" class=\"elementor-toggle-title\">DIREITO ADMINISTRATIVO<\/a>\n\t\t\t\t\t<\/div>\n\n\t\t\t\t\t<div id=\"elementor-tab-content-2494\" class=\"elementor-tab-content elementor-clearfix\" data-tab=\"4\" role=\"tabpanel\" aria-labelledby=\"elementor-tab-title-2494\">Fornecemos assist\u00eancia legal em licita\u00e7\u00f5es p\u00fablicas, revis\u00f5es e negocia\u00e7\u00f5es de contratos firmados com entes p\u00fablicos. Elaboramos defesas administrativas e demais atos procedimentais, al\u00e9m de fornecer pareceres sobre assuntos relacionados ao direito administrativo.\n\n<\/div>\n\t\t\t\t<\/div>\n\t\t\t\t\t\t\t<div class=\"elementor-toggle-item\">\n\t\t\t\t\t<div id=\"elementor-tab-title-2495\" class=\"elementor-tab-title\" data-tab=\"5\" role=\"tab\" aria-controls=\"elementor-tab-content-2495\" aria-expanded=\"false\">\n\t\t\t\t\t\t\t\t\t\t\t\t<span class=\"elementor-toggle-icon elementor-toggle-icon-left\" aria-hidden=\"true\">\n\t\t\t\t\t\t\t\t\t\t\t\t\t\t\t<span class=\"elementor-toggle-icon-closed\"><i class=\"fas fa-caret-right\"><\/i><\/span>\n\t\t\t\t\t\t\t\t<span class=\"elementor-toggle-icon-opened\"><i class=\"elementor-toggle-icon-opened fas fa-caret-up\"><\/i><\/span>\n\t\t\t\t\t\t\t\t\t\t\t\t\t<\/span>\n\t\t\t\t\t\t\t\t\t\t\t\t<a href=\"\" class=\"elementor-toggle-title\">DIREITO TRIBUT\u00c1RIO<\/a>\n\t\t\t\t\t<\/div>\n\n\t\t\t\t\t<div id=\"elementor-tab-content-2495\" class=\"elementor-tab-content elementor-clearfix\" data-tab=\"5\" role=\"tabpanel\" aria-labelledby=\"elementor-tab-title-2495\">Atuamos na \u00e1rea de compet\u00eancia tribut\u00e1ria federal, estadual e municipal seguindo r\u00edgidos padr\u00f5es \u00e9ticos na elabora\u00e7\u00e3o de defesas e acompanhamento de processos administrativos e judiciais fiscais. Elaboramos com nossos clientes planejamento tribut\u00e1rio adequado aos interesses da sociedade ou do indiv\u00edduo, e fornecemos pareceres sobre mat\u00e9rias de compet\u00eancia tribut\u00e1ria federal, estadual e municipal.\n\n<\/div>\n\t\t\t\t<\/div>\n\t\t\t\t\t\t\t<div class=\"elementor-toggle-item\">\n\t\t\t\t\t<div id=\"elementor-tab-title-2496\" class=\"elementor-tab-title\" data-tab=\"6\" role=\"tab\" aria-controls=\"elementor-tab-content-2496\" aria-expanded=\"false\">\n\t\t\t\t\t\t\t\t\t\t\t\t<span class=\"elementor-toggle-icon elementor-toggle-icon-left\" aria-hidden=\"true\">\n\t\t\t\t\t\t\t\t\t\t\t\t\t\t\t<span class=\"elementor-toggle-icon-closed\"><i class=\"fas fa-caret-right\"><\/i><\/span>\n\t\t\t\t\t\t\t\t<span class=\"elementor-toggle-icon-opened\"><i class=\"elementor-toggle-icon-opened fas fa-caret-up\"><\/i><\/span>\n\t\t\t\t\t\t\t\t\t\t\t\t\t<\/span>\n\t\t\t\t\t\t\t\t\t\t\t\t<a href=\"\" class=\"elementor-toggle-title\">DIREITO DO TRABALHO<\/a>\n\t\t\t\t\t<\/div>\n\n\t\t\t\t\t<div id=\"elementor-tab-content-2496\" class=\"elementor-tab-content elementor-clearfix\" data-tab=\"6\" role=\"tabpanel\" aria-labelledby=\"elementor-tab-title-2496\">Exercemos atua\u00e7\u00e3o Consultiva, Preventiva e Contenciosa, com orienta\u00e7\u00e3o cuidadosa para minimizar e eliminar riscos trabalhistas em suas empresas. Elaboramos e negociamos contratos e acordos \u2013 individuais ou coletivos \u2013 e conven\u00e7\u00f5es coletivas de trabalho. Tamb\u00e9m damos assist\u00eancia legal na contrata\u00e7\u00e3o, terceiriza\u00e7\u00e3o, regulariza\u00e7\u00e3o, concess\u00e3o de benef\u00edcios, participa\u00e7\u00e3o nos lucros e dispensa de empregados, e representamos nossos clientes junto aos Sindicatos\n\n<\/div>\n\t\t\t\t<\/div>\n\t\t\t\t\t\t\t<div class=\"elementor-toggle-item\">\n\t\t\t\t\t<div id=\"elementor-tab-title-2497\" class=\"elementor-tab-title\" data-tab=\"7\" role=\"tab\" aria-controls=\"elementor-tab-content-2497\" aria-expanded=\"false\">\n\t\t\t\t\t\t\t\t\t\t\t\t<span class=\"elementor-toggle-icon elementor-toggle-icon-left\" aria-hidden=\"true\">\n\t\t\t\t\t\t\t\t\t\t\t\t\t\t\t<span class=\"elementor-toggle-icon-closed\"><i class=\"fas fa-caret-right\"><\/i><\/span>\n\t\t\t\t\t\t\t\t<span class=\"elementor-toggle-icon-opened\"><i class=\"elementor-toggle-icon-opened fas fa-caret-up\"><\/i><\/span>\n\t\t\t\t\t\t\t\t\t\t\t\t\t<\/span>\n\t\t\t\t\t\t\t\t\t\t\t\t<a href=\"\" class=\"elementor-toggle-title\">DIREITO SOCIET\u00c1RIO, FUS\u00d5ES E AQUISI\u00c7\u00d5ES<\/a>\n\t\t\t\t\t<\/div>\n\n\t\t\t\t\t<div id=\"elementor-tab-content-2497\" class=\"elementor-tab-content elementor-clearfix\" data-tab=\"7\" role=\"tabpanel\" aria-labelledby=\"elementor-tab-title-2497\"><p>Atuamos na \u00e1rea de governan\u00e7a corporativa, em opera\u00e7\u00f5es de fus\u00f5es e aquisi\u00e7\u00f5es e joint ventures no Brasil e no exterior:\u200b<\/p><ul><li>Levantamento e verifica\u00e7\u00e3o de dados e informa\u00e7\u00f5es da empresa objeto do neg\u00f3cio.<\/li><li>Elabora\u00e7\u00e3o de auditoria legal (due diligence).<\/li><li>An\u00e1lise de risco legal da opera\u00e7\u00e3o.<\/li><li>Estrutura e modelagem da opera\u00e7\u00e3o.<\/li><li>Negocia\u00e7\u00e3o de contratos.<\/li><li>Reda\u00e7\u00e3o e revis\u00e3o de contratos.<\/li><li>Assessoria perante o CADE e demais \u00f3rg\u00e3os de defesa da concorr\u00eancia.<\/li><li>Prepara\u00e7\u00e3o da empresa para venda e reestrutura\u00e7\u00e3o societ\u00e1ria.<\/li><li>Cria\u00e7\u00e3o de joint ventures ou cons\u00f3rcios.<\/li><li>Planejamento tribut\u00e1rio.<\/li><li>Elabora\u00e7\u00e3o de acordos de acionistas.<\/li><li>Outros servi\u00e7os de rotina societ\u00e1ria de sociedades limitadas e sociedades por a\u00e7\u00f5es, de capital aberto ou fechado.<\/li><\/ul><\/div>\n\t\t\t\t<\/div>\n\t\t\t\t\t\t\t<div class=\"elementor-toggle-item\">\n\t\t\t\t\t<div id=\"elementor-tab-title-2498\" class=\"elementor-tab-title\" data-tab=\"8\" role=\"tab\" aria-controls=\"elementor-tab-content-2498\" aria-expanded=\"false\">\n\t\t\t\t\t\t\t\t\t\t\t\t<span class=\"elementor-toggle-icon elementor-toggle-icon-left\" aria-hidden=\"true\">\n\t\t\t\t\t\t\t\t\t\t\t\t\t\t\t<span class=\"elementor-toggle-icon-closed\"><i class=\"fas fa-caret-right\"><\/i><\/span>\n\t\t\t\t\t\t\t\t<span class=\"elementor-toggle-icon-opened\"><i class=\"elementor-toggle-icon-opened fas fa-caret-up\"><\/i><\/span>\n\t\t\t\t\t\t\t\t\t\t\t\t\t<\/span>\n\t\t\t\t\t\t\t\t\t\t\t\t<a href=\"\" class=\"elementor-toggle-title\">DIREITO IMOBILI\u00c1RIO<\/a>\n\t\t\t\t\t<\/div>\n\n\t\t\t\t\t<div id=\"elementor-tab-content-2498\" class=\"elementor-tab-content elementor-clearfix\" data-tab=\"8\" role=\"tabpanel\" aria-labelledby=\"elementor-tab-title-2498\">Assist\u00eancia legal a todos os tipos de transa\u00e7\u00f5es e empreendimentos imobili\u00e1rios (compra, venda, loca\u00e7\u00e3o, incorpora\u00e7\u00e3o, desmembramento, etc), incluindo planejamento imobili\u00e1rio de pessoa jur\u00eddica e f\u00edsica, assessoria na regulariza\u00e7\u00e3o de im\u00f3veis urbanos e rurais, acompanhamento de per\u00edcias, desmembramentos, da\u00e7\u00e3o em pagamento, hipotecas e outras garantias reais. Tamb\u00e9m damos assessoria em incorpora\u00e7\u00f5es imobili\u00e1rias e atuamos em conflitos judiciais.\n\n<\/div>\n\t\t\t\t<\/div>\n\t\t\t\t\t\t\t<div class=\"elementor-toggle-item\">\n\t\t\t\t\t<div id=\"elementor-tab-title-2499\" class=\"elementor-tab-title\" data-tab=\"9\" role=\"tab\" aria-controls=\"elementor-tab-content-2499\" aria-expanded=\"false\">\n\t\t\t\t\t\t\t\t\t\t\t\t<span class=\"elementor-toggle-icon elementor-toggle-icon-left\" aria-hidden=\"true\">\n\t\t\t\t\t\t\t\t\t\t\t\t\t\t\t<span class=\"elementor-toggle-icon-closed\"><i class=\"fas fa-caret-right\"><\/i><\/span>\n\t\t\t\t\t\t\t\t<span class=\"elementor-toggle-icon-opened\"><i class=\"elementor-toggle-icon-opened fas fa-caret-up\"><\/i><\/span>\n\t\t\t\t\t\t\t\t\t\t\t\t\t<\/span>\n\t\t\t\t\t\t\t\t\t\t\t\t<a href=\"\" class=\"elementor-toggle-title\">DIREITO REGULAT\u00d3RIO<\/a>\n\t\t\t\t\t<\/div>\n\n\t\t\t\t\t<div id=\"elementor-tab-content-2499\" class=\"elementor-tab-content elementor-clearfix\" data-tab=\"9\" role=\"tabpanel\" aria-labelledby=\"elementor-tab-title-2499\">Elaboramos pareceres em mat\u00e9rias relacionadas ao Direito Regulat\u00f3rio, com atua\u00e7\u00e3o junto \u00e0s ag\u00eancias reguladoras e demais \u00f3rg\u00e3os administrativos.\n\n<\/div>\n\t\t\t\t<\/div>\n\t\t\t\t\t\t\t<div class=\"elementor-toggle-item\">\n\t\t\t\t\t<div id=\"elementor-tab-title-24910\" class=\"elementor-tab-title\" data-tab=\"10\" role=\"tab\" aria-controls=\"elementor-tab-content-24910\" aria-expanded=\"false\">\n\t\t\t\t\t\t\t\t\t\t\t\t<span class=\"elementor-toggle-icon elementor-toggle-icon-left\" aria-hidden=\"true\">\n\t\t\t\t\t\t\t\t\t\t\t\t\t\t\t<span class=\"elementor-toggle-icon-closed\"><i class=\"fas fa-caret-right\"><\/i><\/span>\n\t\t\t\t\t\t\t\t<span class=\"elementor-toggle-icon-opened\"><i class=\"elementor-toggle-icon-opened fas fa-caret-up\"><\/i><\/span>\n\t\t\t\t\t\t\t\t\t\t\t\t\t<\/span>\n\t\t\t\t\t\t\t\t\t\t\t\t<a href=\"\" class=\"elementor-toggle-title\">DIREITO DO CONSUMIDOR<\/a>\n\t\t\t\t\t<\/div>\n\n\t\t\t\t\t<div id=\"elementor-tab-content-24910\" class=\"elementor-tab-content elementor-clearfix\" data-tab=\"10\" role=\"tabpanel\" aria-labelledby=\"elementor-tab-title-24910\">Adequamos a sua empresa aos padr\u00f5es determinados pelo C\u00f3digo de Defesa do Consumidor, evitando conflitos entre fornecedores e consumidores. Tamb\u00e9m fazemos defesas administrativas e judiciais em quest\u00f5es de rela\u00e7\u00e3o de consumo, e elaboramos contratos comerciais, financeiros, de seguros, de garantia e assist\u00eancia t\u00e9cnica, al\u00e9m de dar orienta\u00e7\u00e3o na confec\u00e7\u00e3o de manuais e materiais de divulga\u00e7\u00e3o de bens e servi\u00e7os.\n\n<\/div>\n\t\t\t\t<\/div>\n\t\t\t\t\t\t\t<div class=\"elementor-toggle-item\">\n\t\t\t\t\t<div id=\"elementor-tab-title-24911\" class=\"elementor-tab-title\" data-tab=\"11\" role=\"tab\" aria-controls=\"elementor-tab-content-24911\" aria-expanded=\"false\">\n\t\t\t\t\t\t\t\t\t\t\t\t<span class=\"elementor-toggle-icon elementor-toggle-icon-left\" aria-hidden=\"true\">\n\t\t\t\t\t\t\t\t\t\t\t\t\t\t\t<span class=\"elementor-toggle-icon-closed\"><i class=\"fas fa-caret-right\"><\/i><\/span>\n\t\t\t\t\t\t\t\t<span class=\"elementor-toggle-icon-opened\"><i class=\"elementor-toggle-icon-opened fas fa-caret-up\"><\/i><\/span>\n\t\t\t\t\t\t\t\t\t\t\t\t\t<\/span>\n\t\t\t\t\t\t\t\t\t\t\t\t<a href=\"\" class=\"elementor-toggle-title\">DIREITO AMBIENTAL<\/a>\n\t\t\t\t\t<\/div>\n\n\t\t\t\t\t<div id=\"elementor-tab-content-24911\" class=\"elementor-tab-content elementor-clearfix\" data-tab=\"11\" role=\"tabpanel\" aria-labelledby=\"elementor-tab-title-24911\">Atuamos na \u00e1rea ambiental com a realiza\u00e7\u00e3o de defesas administrativas e judiciais, pareceres, auditorias, licenciamentos e regulariza\u00e7\u00e3o ambiental.\n\n<\/div>\n\t\t\t\t<\/div>\n\t\t\t\t\t\t\t<div class=\"elementor-toggle-item\">\n\t\t\t\t\t<div id=\"elementor-tab-title-24912\" class=\"elementor-tab-title\" data-tab=\"12\" role=\"tab\" aria-controls=\"elementor-tab-content-24912\" aria-expanded=\"false\">\n\t\t\t\t\t\t\t\t\t\t\t\t<span class=\"elementor-toggle-icon elementor-toggle-icon-left\" aria-hidden=\"true\">\n\t\t\t\t\t\t\t\t\t\t\t\t\t\t\t<span class=\"elementor-toggle-icon-closed\"><i class=\"fas fa-caret-right\"><\/i><\/span>\n\t\t\t\t\t\t\t\t<span class=\"elementor-toggle-icon-opened\"><i class=\"elementor-toggle-icon-opened fas fa-caret-up\"><\/i><\/span>\n\t\t\t\t\t\t\t\t\t\t\t\t\t<\/span>\n\t\t\t\t\t\t\t\t\t\t\t\t<a href=\"\" class=\"elementor-toggle-title\">PROPRIEDADE INTELECTUAL<\/a>\n\t\t\t\t\t<\/div>\n\n\t\t\t\t\t<div id=\"elementor-tab-content-24912\" class=\"elementor-tab-content elementor-clearfix\" data-tab=\"12\" role=\"tabpanel\" aria-labelledby=\"elementor-tab-title-24912\">Assist\u00eancia legal em processos de registro e prote\u00e7\u00e3o do direito autoral, marcas e patentes, com atua\u00e7\u00e3o junto aos \u00f3rg\u00e3os de prote\u00e7\u00e3o \u00e0 propriedade intelectual.\n\nElaboramos, revisamos e negociamos contratos de licenciamento, desenvolvimento e outros de interesse estrat\u00e9gico envolvendo PI al\u00e9m de atuar na desfesa dos interesses de nossos clientes em conflitos judiciais e extrajudiciais envolvendo propriedade intelectual.<\/div>\n\t\t\t\t<\/div>\n\t\t\t\t\t\t\t\t<\/div>\n\t\t\t\t<\/div>\n\t\t\t\t<\/div>\n\t\t\t\t\t<\/div>\n\t\t<\/div>\n\t\t\t\t\t\t\t<\/div>\n\t\t<\/section>\n\t\t\t\t\t\t\t<\/div>\n\t\t","protected":false},"excerpt":{"rendered":"<p>\u00c1reas de atua\u00e7\u00e3o COMPLIANCE Investiga\u00e7\u00f5es Internas e An\u00e1lise de Risco (Risk Assessment) Investiga\u00e7\u00f5es internas iniciadas devido a alega\u00e7\u00f5es de irregularidades levantadas pelas autoridades, acionistas, artigos de jornal, fornecedores, auditorias internas ou auditorias de conformidade e pelos empregados, direta ou anonimamente por meio de canal de den\u00fancias. Apoiamos os nossos clientes para abordar adequadamente as alega\u00e7\u00f5es [&hellip;]<\/p>\n","protected":false},"author":1,"featured_media":0,"parent":0,"menu_order":0,"comment_status":"closed","ping_status":"closed","template":"elementor_header_footer","meta":{"footnotes":""},"class_list":["post-88","page","type-page","status-publish","hentry"],"_links":{"self":[{"href":"https:\/\/cloudn.com.br\/augelliadv\/wp-json\/wp\/v2\/pages\/88","targetHints":{"allow":["GET"]}}],"collection":[{"href":"https:\/\/cloudn.com.br\/augelliadv\/wp-json\/wp\/v2\/pages"}],"about":[{"href":"https:\/\/cloudn.com.br\/augelliadv\/wp-json\/wp\/v2\/types\/page"}],"author":[{"embeddable":true,"href":"https:\/\/cloudn.com.br\/augelliadv\/wp-json\/wp\/v2\/users\/1"}],"replies":[{"embeddable":true,"href":"https:\/\/cloudn.com.br\/augelliadv\/wp-json\/wp\/v2\/comments?post=88"}],"version-history":[{"count":46,"href":"https:\/\/cloudn.com.br\/augelliadv\/wp-json\/wp\/v2\/pages\/88\/revisions"}],"predecessor-version":[{"id":178,"href":"https:\/\/cloudn.com.br\/augelliadv\/wp-json\/wp\/v2\/pages\/88\/revisions\/178"}],"wp:attachment":[{"href":"https:\/\/cloudn.com.br\/augelliadv\/wp-json\/wp\/v2\/media?parent=88"}],"curies":[{"name":"wp","href":"https:\/\/api.w.org\/{rel}","templated":true}]}}